{"id":223,"date":"2025-01-24T19:09:42","date_gmt":"2025-01-24T22:09:42","guid":{"rendered":"https:\/\/rallymakers.com.br\/rmk\/?page_id=223"},"modified":"2026-03-04T08:51:53","modified_gmt":"2026-03-04T11:51:53","slug":"valores-rally-barretos","status":"publish","type":"page","link":"https:\/\/rallymakers.com.br\/rmk\/valores-rally-barretos\/","title":{"rendered":"Valores Rally Barretos"},"content":{"rendered":"\n<h3 class=\"wp-block-heading\"><img loading=\"lazy\" decoding=\"async\" width=\"150\" height=\"93\" class=\"wp-image-113\" style=\"width: 150px;\" src=\"http:\/\/rallymakers.com.br\/rmk\/wp-content\/uploads\/2025\/01\/barretos-2025.png\" alt=\"\" srcset=\"https:\/\/rallymakers.com.br\/rmk\/wp-content\/uploads\/2025\/01\/barretos-2025.png 1226w, https:\/\/rallymakers.com.br\/rmk\/wp-content\/uploads\/2025\/01\/barretos-2025-300x186.png 300w, https:\/\/rallymakers.com.br\/rmk\/wp-content\/uploads\/2025\/01\/barretos-2025-1024x636.png 1024w, https:\/\/rallymakers.com.br\/rmk\/wp-content\/uploads\/2025\/01\/barretos-2025-768x477.png 768w\" sizes=\"auto, (max-width: 150px) 100vw, 150px\" \/><\/h3>\n\n\n\n<figure class=\"wp-block-table\"><table class=\"has-fixed-layout\"><tbody><tr><td><\/td><td>At\u00e9 13\/02<\/td><td>De 14\/02 at\u00e9 27\/02<\/td><td>De 28\/02 at\u00e9 11\/03<\/td><td>Na secretaria<\/td><\/tr><tr><td>Moto \/ Quadri<\/td><td>1.800,00<\/td><td>1.800,00<\/td><td>2.000,00<\/td><td>2.200,00<\/td><\/tr><tr><td>Moto Brasil<\/td><td>1.500,00<\/td><td>1.500,00<\/td><td>1.700,00<\/td><td>1.900,00<\/td><\/tr><tr><td>UTV Double \/ Over 55 \/ Double Pr\u00f3 \/ Start<\/td><td>4.900,00<\/td><td>5.100,00<\/td><td>5.400,00<\/td><td>5.700,00<\/td><\/tr><tr><td>UTV demais categorias<\/td><td>4.500,00<\/td><td>4.800,00<\/td><td>5.100,00<\/td><td>5.400,00<\/td><\/tr><tr><td>Carros Stock \/ Ultimate SP<\/td><td>4.900,00 + R$ 800,00 GPS<\/td><td>5.200,00 + R$ 800,00 GPS<\/td><td>5.500,00 + R$ 800,00 GPS<\/td><td>5.800,00 + R$ 800,00 GPS<\/td><\/tr><tr><td>Carros demais categorias<\/td><td>5.900,00 + R$ 800,00 GPS<\/td><td>6.200,00 + R$ 800,00 GPS<\/td><td>6.500,00 + R$ 800,00 GPS<\/td><td>6.800,00 + R$ 800,00 GPS<\/td><\/tr><\/tbody><\/table><\/figure>\n\n\n\n<p>As inscri\u00e7\u00f5es dever\u00e3o ser feitas pela internet atrav\u00e9s do site www.rallymakers.com.br.<\/p>\n\n\n\n<p>O equipamento Stella (Carros e UTV&#8217;s n\u00e3o esta incluso na inscri\u00e7\u00e3o.<\/p>\n\n\n\n<p>Informa\u00e7\u00f5es sobre os pagamentos, ao t\u00e9rmino da inscri\u00e7\u00e3o.<\/p>\n\n\n\n<p>Para os casos excepcionais (ap\u00f3s dia 11\/03) a inscri\u00e7\u00e3o dever\u00e1 ser feita na secretaria de prova pessoalmente ou pelo telefone (17) 98109-2794.<\/p>\n\n\n\n<p>No caso de desist\u00eancia, at\u00e9 18\/02, ser\u00e1 devolvido 50% do valor pago pela inscri\u00e7\u00e3o, ap\u00f3s essa data, n\u00e3o haver\u00e1 devolu\u00e7\u00e3o.<\/p>\n\n\n\n<p>Documentos necess\u00e1rios Os documentos; CNH, Documento\/NF do ve\u00edculo, Carteira da filia\u00e7\u00e3o, Carteira do plano de sa\u00fade e autoriza\u00e7\u00e3o do propriet\u00e1rio do ve\u00edculo (se o ve\u00edculo n\u00e3o estiver no nome do piloto\/navegador), poder\u00e3o ser enviados pelo site ou para o e-mail secretaria@arallymakers.com.br, facilitando a retirada do material pelas equipes na secretaria da prova.<\/p>\n\n\n\n<p><\/p>\n","protected":false},"excerpt":{"rendered":"<p>At\u00e9 13\/02 De 14\/02 at\u00e9 27\/02 De 28\/02 at\u00e9 11\/03 Na secretaria Moto \/ Quadri 1.800,00 1.800,00 2.000,00 2.200,00 Moto<\/p>\n","protected":false},"author":1,"featured_media":0,"parent":0,"menu_order":0,"comment_status":"closed","ping_status":"closed","template":"","meta":{"footnotes":""},"class_list":["post-223","page","type-page","status-publish","hentry"],"_links":{"self":[{"href":"https:\/\/rallymakers.com.br\/rmk\/wp-json\/wp\/v2\/pages\/223","targetHints":{"allow":["GET"]}}],"collection":[{"href":"https:\/\/rallymakers.com.br\/rmk\/wp-json\/wp\/v2\/pages"}],"about":[{"href":"https:\/\/rallymakers.com.br\/rmk\/wp-json\/wp\/v2\/types\/page"}],"author":[{"embeddable":true,"href":"https:\/\/rallymakers.com.br\/rmk\/wp-json\/wp\/v2\/users\/1"}],"replies":[{"embeddable":true,"href":"https:\/\/rallymakers.com.br\/rmk\/wp-json\/wp\/v2\/comments?post=223"}],"version-history":[{"count":7,"href":"https:\/\/rallymakers.com.br\/rmk\/wp-json\/wp\/v2\/pages\/223\/revisions"}],"predecessor-version":[{"id":492,"href":"https:\/\/rallymakers.com.br\/rmk\/wp-json\/wp\/v2\/pages\/223\/revisions\/492"}],"wp:attachment":[{"href":"https:\/\/rallymakers.com.br\/rmk\/wp-json\/wp\/v2\/media?parent=223"}],"curies":[{"name":"wp","href":"https:\/\/api.w.org\/{rel}","templated":true}]}}