{"id":280,"date":"2025-03-20T18:14:25","date_gmt":"2025-03-20T21:14:25","guid":{"rendered":"https:\/\/rallymakers.com.br\/rmk\/?page_id=280"},"modified":"2026-04-23T16:33:11","modified_gmt":"2026-04-23T19:33:11","slug":"programacao-rally-minas-brasil-araxa","status":"publish","type":"page","link":"http:\/\/rallymakers.com.br\/rmk\/programacao-rally-minas-brasil-araxa\/","title":{"rendered":"Programa\u00e7\u00e3o Rally Minas Brasil &#8211; Arax\u00e1"},"content":{"rendered":"\n<div class=\"wp-block-cover is-light\"><img loading=\"lazy\" decoding=\"async\" width=\"597\" height=\"1024\" class=\"wp-block-cover__image-background wp-image-271 size-large\" alt=\"\" src=\"http:\/\/rallymakers.com.br\/rmk\/wp-content\/uploads\/2025\/03\/449255_1144209_whatsapp_image_2025_03_16_at_15.14.29-597x1024.jpeg\" data-object-fit=\"cover\" srcset=\"http:\/\/rallymakers.com.br\/rmk\/wp-content\/uploads\/2025\/03\/449255_1144209_whatsapp_image_2025_03_16_at_15.14.29-597x1024.jpeg 597w, http:\/\/rallymakers.com.br\/rmk\/wp-content\/uploads\/2025\/03\/449255_1144209_whatsapp_image_2025_03_16_at_15.14.29-175x300.jpeg 175w, http:\/\/rallymakers.com.br\/rmk\/wp-content\/uploads\/2025\/03\/449255_1144209_whatsapp_image_2025_03_16_at_15.14.29.jpeg 686w\" sizes=\"auto, (max-width: 597px) 100vw, 597px\" \/><span aria-hidden=\"true\" class=\"wp-block-cover__background has-white-background-color has-background-dim-80 has-background-dim\"><\/span><div class=\"wp-block-cover__inner-container is-layout-constrained wp-block-cover-is-layout-constrained\">\n<p class=\"has-text-align-left has-large-font-size\">11\/05<\/p>\n\n\n\n<ul class=\"wp-block-list\">\n<li><strong>12:00<\/strong> &#8211; Abertura do Parque de Apoio<\/li>\n<\/ul>\n\n\n\n<hr class=\"wp-block-separator has-alpha-channel-opacity\"\/>\n\n\n\n<h3 class=\"wp-block-heading\">12\/05<\/h3>\n\n\n\n<ul class=\"wp-block-list\">\n<li><strong>09:30<\/strong> &#8211; Abertura da Secretaria de Prova<\/li>\n\n\n\n<li><strong>10:00<\/strong> &#8211; In\u00edcio da entrega do Stella<\/li>\n\n\n\n<li><strong>13:00<\/strong> &#8211; Abertura da Vistoria T\u00e9cnica CBM<\/li>\n\n\n\n<li><strong>13:00<\/strong> &#8211; Apresenta\u00e7\u00e3o para Vistoria CBA<\/li>\n\n\n\n<li><strong>18:00<\/strong> &#8211; Encerramento das vistorias<\/li>\n\n\n\n<li><strong>19:00<\/strong> &#8211; Briefing da Organiza\u00e7\u00e3o &#8211; T\u00e9cnica<\/li>\n\n\n\n<li><strong>20:00<\/strong> &#8211; Briefing M\u00eddia\/Imprensa &#8211; Entrega de material<\/li>\n<\/ul>\n\n\n\n<hr class=\"wp-block-separator has-alpha-channel-opacity\"\/>\n\n\n\n<h3 class=\"wp-block-heading\">13\/05<\/h3>\n\n\n\n<ul class=\"wp-block-list\">\n<li><strong>08:00<\/strong> &#8211; Vistoria CBM<\/li>\n\n\n\n<li><strong>09:00 \u00e0s 09:30<\/strong> &#8211; Vistoria CBM (com multa)<\/li>\n\n\n\n<li><strong>09:00 \u00e0s 09:40<\/strong> &#8211; Shakedown: Motos<\/li>\n\n\n\n<li><strong>09:40 \u00e0s 10:20<\/strong> &#8211; Shakedown: UTVs (numera\u00e7\u00e3o \u00edmpar)<\/li>\n\n\n\n<li><strong>10:20 \u00e0s 11:00<\/strong> &#8211; Shakedown: UTVs (numera\u00e7\u00e3o par)<\/li>\n\n\n\n<li><strong>11:00 \u00e0s 11:40<\/strong> &#8211; Shakedown: Carros<\/li>\n\n\n\n<li><strong>13:30<\/strong> &#8211; In\u00edcio do Pr\u00f3logo das Motos<\/li>\n\n\n\n<li><strong>14:00<\/strong> &#8211; In\u00edcio do Pr\u00f3logo dos UTVs e Carros<\/li>\n\n\n\n<li><strong>18:00<\/strong> &#8211; Briefing Apoios<\/li>\n\n\n\n<li><strong>19:00<\/strong> &#8211; Briefing de Prova &#8211; Competidores<\/li>\n\n\n\n<li><strong>20:00<\/strong> &#8211; Evento Promocional &#8211; Competidores<\/li>\n<\/ul>\n\n\n\n<hr class=\"wp-block-separator has-alpha-channel-opacity\"\/>\n\n\n\n<h3 class=\"wp-block-heading\">14\/05<\/h3>\n\n\n\n<ul class=\"wp-block-list\">\n<li><strong>08:00<\/strong> &#8211; Largada Especial 1<\/li>\n\n\n\n<li><strong>19:00<\/strong> &#8211; Atendimento aos competidores (CBA e CBM)<\/li>\n<\/ul>\n\n\n\n<hr class=\"wp-block-separator has-alpha-channel-opacity\"\/>\n\n\n\n<h3 class=\"wp-block-heading\">15\/05<\/h3>\n\n\n\n<ul class=\"wp-block-list\">\n<li><strong>08:00<\/strong> &#8211; Largada Especial 2<\/li>\n\n\n\n<li><strong>19:00<\/strong> &#8211; Atendimento aos competidores (CBA e CBM)<\/li>\n<\/ul>\n\n\n\n<hr class=\"wp-block-separator has-alpha-channel-opacity\"\/>\n\n\n\n<h3 class=\"wp-block-heading\">16\/05<\/h3>\n\n\n\n<ul class=\"wp-block-list\">\n<li><strong>08:00<\/strong> &#8211; Largada Especial 3<\/li>\n\n\n\n<li><strong>19:00<\/strong> &#8211; Atendimento aos competidores (CBA e CBM)<\/li>\n<\/ul>\n\n\n\n<hr class=\"wp-block-separator has-alpha-channel-opacity\"\/>\n\n\n\n<h3 class=\"wp-block-heading\">17\/05<\/h3>\n\n\n\n<ul class=\"wp-block-list\">\n<li><strong>07:00<\/strong> &#8211; Largada Especial 4<\/li>\n\n\n\n<li>15:00 &#8211; Cerim\u00f4nia de Premia\u00e7\u00e3o<\/li>\n<\/ul>\n<\/div><\/div>\n\n\n\n<p><\/p>\n\n\n\n\n\n<p><\/p>\n","protected":false},"excerpt":{"rendered":"","protected":false},"author":1,"featured_media":0,"parent":0,"menu_order":0,"comment_status":"closed","ping_status":"closed","template":"","meta":{"footnotes":""},"class_list":["post-280","page","type-page","status-publish","hentry"],"_links":{"self":[{"href":"http:\/\/rallymakers.com.br\/rmk\/wp-json\/wp\/v2\/pages\/280","targetHints":{"allow":["GET"]}}],"collection":[{"href":"http:\/\/rallymakers.com.br\/rmk\/wp-json\/wp\/v2\/pages"}],"about":[{"href":"http:\/\/rallymakers.com.br\/rmk\/wp-json\/wp\/v2\/types\/page"}],"author":[{"embeddable":true,"href":"http:\/\/rallymakers.com.br\/rmk\/wp-json\/wp\/v2\/users\/1"}],"replies":[{"embeddable":true,"href":"http:\/\/rallymakers.com.br\/rmk\/wp-json\/wp\/v2\/comments?post=280"}],"version-history":[{"count":15,"href":"http:\/\/rallymakers.com.br\/rmk\/wp-json\/wp\/v2\/pages\/280\/revisions"}],"predecessor-version":[{"id":588,"href":"http:\/\/rallymakers.com.br\/rmk\/wp-json\/wp\/v2\/pages\/280\/revisions\/588"}],"wp:attachment":[{"href":"http:\/\/rallymakers.com.br\/rmk\/wp-json\/wp\/v2\/media?parent=280"}],"curies":[{"name":"wp","href":"https:\/\/api.w.org\/{rel}","templated":true}]}}