{"id":277,"date":"2025-03-20T18:04:40","date_gmt":"2025-03-20T21:04:40","guid":{"rendered":"https:\/\/rallymakers.com.br\/rmk\/?page_id=277"},"modified":"2026-04-28T16:00:45","modified_gmt":"2026-04-28T19:00:45","slug":"valores-rally-minas-brasil","status":"publish","type":"page","link":"http:\/\/rallymakers.com.br\/rmk\/valores-rally-minas-brasil\/","title":{"rendered":"Valores Rally Minas Brasil"},"content":{"rendered":"\n<div class=\"wp-block-cover is-light\"><img loading=\"lazy\" decoding=\"async\" width=\"1024\" height=\"681\" class=\"wp-block-cover__image-background wp-image-92 size-large\" alt=\"\" src=\"http:\/\/rallymakers.com.br\/rmk\/wp-content\/uploads\/2025\/01\/NelsonSantosJr-PhotoAction-4116-1024x681.jpg\" data-object-fit=\"cover\" srcset=\"http:\/\/rallymakers.com.br\/rmk\/wp-content\/uploads\/2025\/01\/NelsonSantosJr-PhotoAction-4116-1024x681.jpg 1024w, http:\/\/rallymakers.com.br\/rmk\/wp-content\/uploads\/2025\/01\/NelsonSantosJr-PhotoAction-4116-300x200.jpg 300w, http:\/\/rallymakers.com.br\/rmk\/wp-content\/uploads\/2025\/01\/NelsonSantosJr-PhotoAction-4116-768x511.jpg 768w, http:\/\/rallymakers.com.br\/rmk\/wp-content\/uploads\/2025\/01\/NelsonSantosJr-PhotoAction-4116-1536x1022.jpg 1536w, http:\/\/rallymakers.com.br\/rmk\/wp-content\/uploads\/2025\/01\/NelsonSantosJr-PhotoAction-4116-2048x1362.jpg 2048w\" sizes=\"auto, (max-width: 1024px) 100vw, 1024px\" \/><span aria-hidden=\"true\" class=\"wp-block-cover__background has-white-background-color has-background-dim-80 has-background-dim\"><\/span><div class=\"wp-block-cover__inner-container is-layout-constrained wp-block-cover-is-layout-constrained\">\n<p class=\"has-text-align-center has-large-font-size\"><\/p>\n\n\n\n<figure class=\"wp-block-table\"><table class=\"has-fixed-layout\"><thead><tr><td class=\"has-text-align-left\" data-align=\"left\"><strong>Categoria<\/strong><\/td><td class=\"has-text-align-left\" data-align=\"left\"><strong>At\u00e9 18\/04<\/strong><\/td><td class=\"has-text-align-left\" data-align=\"left\"><strong>De 19\/04 a 30\/04<\/strong><\/td><td class=\"has-text-align-left\" data-align=\"left\"><strong>De 01\/05 a 10\/05<\/strong><\/td><td class=\"has-text-align-left\" data-align=\"left\"><strong>Na Secretaria<\/strong><\/td><\/tr><\/thead><tbody><tr><td class=\"has-text-align-left\" data-align=\"left\"><strong>Moto \/ Quadri<\/strong><\/td><td class=\"has-text-align-left\" data-align=\"left\">R$ 7.900,00 + R$ 600,00 (GPS)<\/td><td class=\"has-text-align-left\" data-align=\"left\">R$ 8.300,00 + R$ 600,00 (GPS)<\/td><td class=\"has-text-align-left\" data-align=\"left\">R$ 8.700,00 + R$ 600,00 (GPS)<\/td><td class=\"has-text-align-left\" data-align=\"left\">R$ 9.100,00 + R$ 600,00 (GPS)<\/td><\/tr><tr><td class=\"has-text-align-left\" data-align=\"left\"><strong>Moto Brasil<\/strong><\/td><td class=\"has-text-align-left\" data-align=\"left\">R$ 5.700,00 + R$ 600,00 (GPS)<\/td><td class=\"has-text-align-left\" data-align=\"left\">R$ 6.100,00 + R$ 600,00 (GPS)<\/td><td class=\"has-text-align-left\" data-align=\"left\">R$ 6.500,00 + R$ 600,00 (GPS)<\/td><td class=\"has-text-align-left\" data-align=\"left\">R$ 6.900,00 + R$ 600,00 (GPS)<\/td><\/tr><tr><td class=\"has-text-align-left\" data-align=\"left\"><strong>UTV<\/strong><\/td><td class=\"has-text-align-left\" data-align=\"left\">R$ 12.600,00 + R$ 800,00 (GPS)<\/td><td class=\"has-text-align-left\" data-align=\"left\">R$ 13.000,00 + R$ 800,00 (GPS)<\/td><td class=\"has-text-align-left\" data-align=\"left\">R$ 13.400,00 + R$ 800,00 (GPS)<\/td><td class=\"has-text-align-left\" data-align=\"left\">R$ 13.800,00 + R$ 800,00 (GPS)<\/td><\/tr><tr><td class=\"has-text-align-left\" data-align=\"left\"><strong>Carros Stock \/ Ultimate SP<\/strong><\/td><td class=\"has-text-align-left\" data-align=\"left\">R$ 12.600,00 + R$ 800,00 (GPS)<\/td><td class=\"has-text-align-left\" data-align=\"left\">R$ 13.000,00 + R$ 800,00 (GPS)<\/td><td class=\"has-text-align-left\" data-align=\"left\">R$ 13.400,00 + R$ 800,00 (GPS)<\/td><td class=\"has-text-align-left\" data-align=\"left\">R$ 13.800,00 + R$ 800,00 (GPS)<\/td><\/tr><tr><td class=\"has-text-align-left\" data-align=\"left\"><strong>Carros (Demais categorias)<\/strong><\/td><td class=\"has-text-align-left\" data-align=\"left\">R$ 16.200,00 + R$ 800,00 (GPS)<\/td><td class=\"has-text-align-left\" data-align=\"left\">R$ 16.600,00 + R$ 800,00 (GPS)<\/td><td class=\"has-text-align-left\" data-align=\"left\">R$ 17.000,00 + R$ 800,00 (GPS)<\/td><td class=\"has-text-align-left\" data-align=\"left\">R$ 17.400,00 + R$ 800,00 (GPS)<\/td><\/tr><\/tbody><\/table><\/figure>\n\n\n\n<p class=\"has-text-align-left has-medium-font-size\"><strong>Inscri\u00e7\u00f5es Tardias:<\/strong> Para casos excepcionais (ap\u00f3s o dia 10\/05), a inscri\u00e7\u00e3o dever\u00e1 ser feita na secretaria de prova pessoalmente ou pelo telefone\/WhatsApp: <strong>(17) 98109-2794<\/strong>.<\/p>\n\n\n\n<hr class=\"wp-block-separator has-alpha-channel-opacity\"\/>\n\n\n\n<h3 class=\"wp-block-heading has-medium-font-size\"><\/h3>\n\n\n\n<p class=\"has-medium-font-size\">Equipamento de Seguran\u00e7a (Stella Evo)<br>O uso do sistema Stella Evo \u00e9 obrigat\u00f3rio para a prova.<\/p>\n\n\n\n<ul class=\"wp-block-list\">\n<li><strong>Stella:<\/strong> R$ 2.180,00<\/li>\n\n\n\n<li><strong>Kit Stella:<\/strong> R$ 2.145,00<\/li>\n<\/ul>\n\n\n\n<hr class=\"wp-block-separator has-alpha-channel-opacity\"\/>\n\n\n\n<h3 class=\"wp-block-heading has-medium-font-size\"><\/h3>\n\n\n\n<p class=\"has-medium-font-size\">Documentos Necess\u00e1rios<br>Para facilitar a retirada do material pelas equipes na secretaria da prova, os documentos abaixo poder\u00e3o ser enviados previamente pelo site ou para o e-mail <strong>secretaria@arallymakers.com.br<\/strong>:<\/p>\n\n\n\n<ul class=\"wp-block-list\">\n<li>CNH (Carteira Nacional de Habilita\u00e7\u00e3o)<\/li>\n\n\n\n<li>Documento ou Nota Fiscal do ve\u00edculo<\/li>\n\n\n\n<li>Carteira de filia\u00e7\u00e3o<\/li>\n\n\n\n<li>Carteira do plano de sa\u00fade<\/li>\n\n\n\n<li>Autoriza\u00e7\u00e3o do propriet\u00e1rio do ve\u00edculo <em>(apenas se o ve\u00edculo n\u00e3o estiver no nome do piloto\/navegador)<\/em><\/li>\n<\/ul>\n\n\n\n<hr class=\"wp-block-separator has-alpha-channel-opacity\"\/>\n\n\n\n<h3 class=\"wp-block-heading has-medium-font-size\"><\/h3>\n\n\n\n<p class=\"has-text-align-left has-medium-font-size\">Pol\u00edtica de Cancelamento<\/p>\n\n\n\n<p class=\"has-text-align-left has-small-font-size\">No caso de desist\u00eancia, at\u00e9 o dia <strong>20\/04<\/strong>, ser\u00e1 devolvido 50% do valor pago pela inscri\u00e7\u00e3o. Ap\u00f3s essa data, <strong>n\u00e3o haver\u00e1 devolu\u00e7\u00e3o<\/strong>.<\/p>\n<\/div><\/div>\n\n\n\n<hr class=\"wp-block-separator has-alpha-channel-opacity\"\/>\n\n\n\n<hr class=\"wp-block-separator has-alpha-channel-opacity\"\/>\n\n\n\n<hr class=\"wp-block-separator has-alpha-channel-opacity\"\/>\n\n\n\n<h3 class=\"wp-block-heading\"><\/h3>\n\n\n\n<p><\/p>\n","protected":false},"excerpt":{"rendered":"","protected":false},"author":1,"featured_media":0,"parent":0,"menu_order":0,"comment_status":"closed","ping_status":"closed","template":"","meta":{"footnotes":""},"class_list":["post-277","page","type-page","status-publish","hentry"],"_links":{"self":[{"href":"http:\/\/rallymakers.com.br\/rmk\/wp-json\/wp\/v2\/pages\/277","targetHints":{"allow":["GET"]}}],"collection":[{"href":"http:\/\/rallymakers.com.br\/rmk\/wp-json\/wp\/v2\/pages"}],"about":[{"href":"http:\/\/rallymakers.com.br\/rmk\/wp-json\/wp\/v2\/types\/page"}],"author":[{"embeddable":true,"href":"http:\/\/rallymakers.com.br\/rmk\/wp-json\/wp\/v2\/users\/1"}],"replies":[{"embeddable":true,"href":"http:\/\/rallymakers.com.br\/rmk\/wp-json\/wp\/v2\/comments?post=277"}],"version-history":[{"count":12,"href":"http:\/\/rallymakers.com.br\/rmk\/wp-json\/wp\/v2\/pages\/277\/revisions"}],"predecessor-version":[{"id":594,"href":"http:\/\/rallymakers.com.br\/rmk\/wp-json\/wp\/v2\/pages\/277\/revisions\/594"}],"wp:attachment":[{"href":"http:\/\/rallymakers.com.br\/rmk\/wp-json\/wp\/v2\/media?parent=277"}],"curies":[{"name":"wp","href":"https:\/\/api.w.org\/{rel}","templated":true}]}}